{"id":135,"date":"2020-08-20T19:37:00","date_gmt":"2020-08-20T19:37:00","guid":{"rendered":"https:\/\/imaginestories.space\/?page_id=135"},"modified":"2020-10-13T15:59:38","modified_gmt":"2020-10-13T15:59:38","slug":"what-we-do-exploring-imagination","status":"publish","type":"page","link":"https:\/\/imaginestories.space\/fr\/what-we-do-exploring-imagination\/","title":{"rendered":"Nos Activit\u00e9s"},"content":{"rendered":"<div class=\"wp-block-media-text alignwide is-stacked-on-mobile is-vertically-aligned-center is-image-fill\"><figure class=\"wp-block-media-text__media\" style=\"background-image:url(https:\/\/imaginestories.space\/wp-content\/uploads\/2020\/09\/Friendly-elemental-Imagination.jpg);background-position:50% 42%\"><img data-recalc-dims=\"1\" loading=\"lazy\" decoding=\"async\" width=\"729\" height=\"751\" src=\"https:\/\/i0.wp.com\/imaginestories.space\/wp-content\/uploads\/2020\/09\/Friendly-elemental-Imagination.jpg?resize=729%2C751&#038;ssl=1\" alt=\"\" class=\"wp-image-408\" srcset=\"https:\/\/i0.wp.com\/imaginestories.space\/wp-content\/uploads\/2020\/09\/Friendly-elemental-Imagination.jpg?w=729&amp;ssl=1 729w, https:\/\/i0.wp.com\/imaginestories.space\/wp-content\/uploads\/2020\/09\/Friendly-elemental-Imagination.jpg?resize=291%2C300&amp;ssl=1 291w\" sizes=\"auto, (max-width: 729px) 100vw, 729px\" \/><\/figure><div class=\"wp-block-media-text__content\">\n<h3 class=\"wp-block-heading\"><span style=\"color:#e00b56\" class=\"has-inline-color\"><strong>Qu'est-ce que l'Imagination?<\/strong><\/span><\/h3>\n\n\n\n<p><span style=\"color:#000608\" class=\"has-inline-color\">L'imagination est ce qui constitue notre \u00e2me.<\/span><\/p>\n\n\n\n<p><span style=\"color:#000608\" class=\"has-inline-color\">C'est une \u00e9nergie qui nous permet d'\u00eatre pr\u00e9sent \u00e0 nous-m\u00eame et pr\u00e9sent envers les autres.<\/span><\/p>\n\n\n\n<p><span style=\"color:#000608\" class=\"has-inline-color\">C'est une source qui coule librement \u00e0 travers les champs de communaut\u00e9s sociales, inspirant les individus \u00e0 se mouvoir de concert.<\/span><\/p>\n\n\n\n<p><span style=\"color:#000608\" class=\"has-inline-color\">C'est le rythme et l'essence de ce qui nous rend humain.<\/span><\/p>\n<\/div><\/div>\n\n\n\n<p><span style=\"color:#000608\" class=\"has-inline-color\"><\/span><\/p>\n\n\n\n<div style=\"height:100px\" aria-hidden=\"true\" class=\"wp-block-spacer\"><\/div>\n\n\n\n<div class=\"wp-block-media-text alignwide has-media-on-the-right is-stacked-on-mobile\"><figure class=\"wp-block-media-text__media\"><img data-recalc-dims=\"1\" loading=\"lazy\" decoding=\"async\" width=\"1731\" height=\"864\" src=\"https:\/\/i0.wp.com\/imaginestories.space\/wp-content\/uploads\/2020\/08\/What-we-do-ImagineStories.Space_.png?resize=1731%2C864&#038;ssl=1\" alt=\"\" class=\"wp-image-130\" srcset=\"https:\/\/i0.wp.com\/imaginestories.space\/wp-content\/uploads\/2020\/08\/What-we-do-ImagineStories.Space_.png?w=1731&amp;ssl=1 1731w, https:\/\/i0.wp.com\/imaginestories.space\/wp-content\/uploads\/2020\/08\/What-we-do-ImagineStories.Space_.png?resize=300%2C150&amp;ssl=1 300w, https:\/\/i0.wp.com\/imaginestories.space\/wp-content\/uploads\/2020\/08\/What-we-do-ImagineStories.Space_.png?resize=1024%2C511&amp;ssl=1 1024w, https:\/\/i0.wp.com\/imaginestories.space\/wp-content\/uploads\/2020\/08\/What-we-do-ImagineStories.Space_.png?resize=768%2C383&amp;ssl=1 768w, https:\/\/i0.wp.com\/imaginestories.space\/wp-content\/uploads\/2020\/08\/What-we-do-ImagineStories.Space_.png?resize=1536%2C767&amp;ssl=1 1536w\" sizes=\"auto, (max-width: 1000px) 100vw, 1000px\" \/><\/figure><div class=\"wp-block-media-text__content\">\n<h3 class=\"wp-block-heading\"><span style=\"color:#e00b56\" class=\"has-inline-color\"><strong>Notre mission:<\/strong><\/span><\/h3>\n\n\n\n<p><span style=\"color:#000608\" class=\"has-inline-color\">\u00c9tudier, vivre et affirmer l'imagination en tant que besoin humain essentiel et capacit\u00e9 humaine fondamentale.<\/span><\/p>\n\n\n\n<p><span style=\"color:#000608\" class=\"has-inline-color\">Explorer les dynamiques et les profondeurs de l'exp\u00e9rience humaine dans une perspective interdisciplinaire et cr\u00e9ative.<\/span><\/p>\n\n\n\n<p><span style=\"color:#000608\" class=\"has-inline-color\">D\u00e9velopper des projets communautaires pour un changement social constructif gr\u00e2ce \u00e0 des narrations imaginatives dans des espaces r\u00e9invent\u00e9s.<\/span><\/p>\n<\/div><\/div>\n\n\n\n<div style=\"height:100px\" aria-hidden=\"true\" class=\"wp-block-spacer\"><\/div>\n\n\n\n<div class=\"wp-block-columns is-layout-flex wp-container-core-columns-is-layout-9d6595d7 wp-block-columns-is-layout-flex\">\n<div class=\"wp-block-column is-layout-flow wp-block-column-is-layout-flow\" style=\"flex-basis:33.33%\"><\/div>\n\n\n\n<div class=\"wp-block-column is-layout-flow wp-block-column-is-layout-flow\" style=\"flex-basis:66.66%\"><\/div>\n<\/div>\n\n\n\n<div class=\"wp-block-columns is-layout-flex wp-container-core-columns-is-layout-9d6595d7 wp-block-columns-is-layout-flex\">\n<div class=\"wp-block-column is-layout-flow wp-block-column-is-layout-flow\">\n<figure class=\"wp-block-embed-youtube aligncenter wp-block-embed is-type-video is-provider-youtube wp-embed-aspect-16-9 wp-has-aspect-ratio\"><div class=\"wp-block-embed__wrapper\">\n<iframe loading=\"lazy\" title=\"Imagination as an essential human need -  ImagineStories.Space\" width=\"500\" height=\"281\" src=\"https:\/\/www.youtube.com\/embed\/PS5hRMwZSUo?feature=oembed\" frameborder=\"0\" allow=\"accelerometer; autoplay; clipboard-write; encrypted-media; gyroscope; picture-in-picture; web-share\" referrerpolicy=\"strict-origin-when-cross-origin\" allowfullscreen><\/iframe>\n<\/div><figcaption><em>Sous-titres en fran\u00e7ais &#8211; cliquez sur &#8220;CC&#8221;<\/em><\/figcaption><\/figure>\n<\/div>\n\n\n\n<div class=\"wp-block-column is-layout-flow wp-block-column-is-layout-flow\">\n<figure class=\"wp-block-embed-youtube aligncenter wp-block-embed is-type-video is-provider-youtube wp-embed-aspect-16-9 wp-has-aspect-ratio\"><div class=\"wp-block-embed__wrapper\">\n<iframe loading=\"lazy\" title=\"Imagination and Storytelling - ImagineStories.Space\" width=\"500\" height=\"281\" src=\"https:\/\/www.youtube.com\/embed\/lrBnvdRw-kw?feature=oembed\" frameborder=\"0\" allow=\"accelerometer; autoplay; clipboard-write; encrypted-media; gyroscope; picture-in-picture; web-share\" referrerpolicy=\"strict-origin-when-cross-origin\" allowfullscreen><\/iframe>\n<\/div><figcaption><em>Sous-titres en fran\u00e7ais &#8211; cliquez sur &#8220;CC&#8221;<\/em><\/figcaption><\/figure>\n\n\n\n<p><\/p>\n<\/div>\n<\/div>\n\n\n\n<div class=\"wp-block-columns are-vertically-aligned-center is-layout-flex wp-container-core-columns-is-layout-9d6595d7 wp-block-columns-is-layout-flex\">\n<div class=\"wp-block-column is-vertically-aligned-center is-layout-flow wp-block-column-is-layout-flow\">\n<figure class=\"wp-block-embed-youtube aligncenter wp-block-embed is-type-video is-provider-youtube wp-embed-aspect-16-9 wp-has-aspect-ratio\"><div class=\"wp-block-embed__wrapper\">\n<iframe loading=\"lazy\" title=\"Imagination as an essential human capability - ImagineStories.Space\" width=\"500\" height=\"281\" src=\"https:\/\/www.youtube.com\/embed\/UTzlCGv0mx4?feature=oembed\" frameborder=\"0\" allow=\"accelerometer; autoplay; clipboard-write; encrypted-media; gyroscope; picture-in-picture; web-share\" referrerpolicy=\"strict-origin-when-cross-origin\" allowfullscreen><\/iframe>\n<\/div><figcaption><em>Sous-titres en fran\u00e7ais &#8211; cliquez sur &#8220;CC&#8221;<\/em><\/figcaption><\/figure>\n<\/div>\n\n\n\n<div class=\"wp-block-column is-vertically-aligned-center is-layout-flow wp-block-column-is-layout-flow\">\n<figure class=\"wp-block-embed-youtube aligncenter wp-block-embed is-type-video is-provider-youtube wp-embed-aspect-16-9 wp-has-aspect-ratio\"><div class=\"wp-block-embed__wrapper\">\n<iframe loading=\"lazy\" title=\"Imagination and Spaces - ImagineStories.Space\" width=\"500\" height=\"281\" src=\"https:\/\/www.youtube.com\/embed\/L8OAkrPha9w?feature=oembed\" frameborder=\"0\" allow=\"accelerometer; autoplay; clipboard-write; encrypted-media; gyroscope; picture-in-picture; web-share\" referrerpolicy=\"strict-origin-when-cross-origin\" allowfullscreen><\/iframe>\n<\/div><figcaption><em>Sous-titres en fran\u00e7ais &#8211; cliquez sur &#8220;CC&#8221;<\/em><\/figcaption><\/figure>\n<\/div>\n<\/div>\n\n\n\n<p><\/p>","protected":false},"excerpt":{"rendered":"<p>What is the Imagination? Imagination is the stuff our soul is made of. It is an energy that enables us to be present to ourselves and to others. It is a flow that moves freely across fields of social communities, inspiring individuals to move as well. It is the rhythm and essence of what it [&hellip;]<\/p>\n","protected":false},"author":1,"featured_media":0,"parent":0,"menu_order":0,"comment_status":"closed","ping_status":"closed","template":"","meta":{"nf_dc_page":"","footnotes":""},"class_list":["post-135","page","type-page","status-publish","hentry"],"yoast_head":"<!-- This site is optimized with the Yoast SEO plugin v27.4 - https:\/\/yoast.com\/product\/yoast-seo-wordpress\/ -->\n<title>What We Do - ImagineStories.Space<\/title>\n<meta name=\"description\" content=\"What is the imagination? Understanding the spaces we inhabit. Exploring the stories we tell. What possibilities for social change?\" \/>\n<meta name=\"robots\" content=\"index, follow, max-snippet:-1, max-image-preview:large, max-video-preview:-1\" \/>\n<link rel=\"canonical\" href=\"https:\/\/imaginestories.space\/fr\/what-we-do-exploring-imagination\/\" \/>\n<meta property=\"og:locale\" content=\"fr_CA\" \/>\n<meta property=\"og:type\" content=\"article\" \/>\n<meta property=\"og:title\" content=\"What We Do - ImagineStories.Space\" \/>\n<meta property=\"og:description\" content=\"What is the imagination? Understanding the spaces we inhabit. Exploring the stories we tell. What possibilities for social change?\" \/>\n<meta property=\"og:url\" content=\"https:\/\/imaginestories.space\/fr\/what-we-do-exploring-imagination\/\" \/>\n<meta property=\"og:site_name\" content=\"ImagineStories.Space\" \/>\n<meta property=\"article:modified_time\" content=\"2020-10-13T15:59:38+00:00\" \/>\n<meta property=\"og:image\" content=\"https:\/\/imaginestories.space\/wp-content\/uploads\/2020\/09\/Friendly-elemental-Imagination.jpg\" \/>\n<meta name=\"twitter:card\" content=\"summary_large_image\" \/>\n<meta name=\"twitter:label1\" content=\"Estimation du temps de lecture\" \/>\n\t<meta name=\"twitter:data1\" content=\"1 minute\" \/>\n<script type=\"application\/ld+json\" class=\"yoast-schema-graph\">{\"@context\":\"https:\\\/\\\/schema.org\",\"@graph\":[{\"@type\":\"WebPage\",\"@id\":\"https:\\\/\\\/imaginestories.space\\\/what-we-do-exploring-imagination\\\/\",\"url\":\"https:\\\/\\\/imaginestories.space\\\/what-we-do-exploring-imagination\\\/\",\"name\":\"What We Do - ImagineStories.Space\",\"isPartOf\":{\"@id\":\"https:\\\/\\\/imaginestories.space\\\/#website\"},\"primaryImageOfPage\":{\"@id\":\"https:\\\/\\\/imaginestories.space\\\/what-we-do-exploring-imagination\\\/#primaryimage\"},\"image\":{\"@id\":\"https:\\\/\\\/imaginestories.space\\\/what-we-do-exploring-imagination\\\/#primaryimage\"},\"thumbnailUrl\":\"https:\\\/\\\/imaginestories.space\\\/wp-content\\\/uploads\\\/2020\\\/09\\\/Friendly-elemental-Imagination.jpg\",\"datePublished\":\"2020-08-20T19:37:00+00:00\",\"dateModified\":\"2020-10-13T15:59:38+00:00\",\"description\":\"What is the imagination? Understanding the spaces we inhabit. Exploring the stories we tell. What possibilities for social change?\",\"breadcrumb\":{\"@id\":\"https:\\\/\\\/imaginestories.space\\\/what-we-do-exploring-imagination\\\/#breadcrumb\"},\"inLanguage\":\"fr-CA\",\"potentialAction\":[{\"@type\":\"ReadAction\",\"target\":[\"https:\\\/\\\/imaginestories.space\\\/what-we-do-exploring-imagination\\\/\"]}]},{\"@type\":\"ImageObject\",\"inLanguage\":\"fr-CA\",\"@id\":\"https:\\\/\\\/imaginestories.space\\\/what-we-do-exploring-imagination\\\/#primaryimage\",\"url\":\"https:\\\/\\\/imaginestories.space\\\/wp-content\\\/uploads\\\/2020\\\/09\\\/Friendly-elemental-Imagination.jpg\",\"contentUrl\":\"https:\\\/\\\/imaginestories.space\\\/wp-content\\\/uploads\\\/2020\\\/09\\\/Friendly-elemental-Imagination.jpg\"},{\"@type\":\"BreadcrumbList\",\"@id\":\"https:\\\/\\\/imaginestories.space\\\/what-we-do-exploring-imagination\\\/#breadcrumb\",\"itemListElement\":[{\"@type\":\"ListItem\",\"position\":1,\"name\":\"Home\",\"item\":\"https:\\\/\\\/imaginestories.space\\\/\"},{\"@type\":\"ListItem\",\"position\":2,\"name\":\"What We Do\"}]},{\"@type\":\"WebSite\",\"@id\":\"https:\\\/\\\/imaginestories.space\\\/#website\",\"url\":\"https:\\\/\\\/imaginestories.space\\\/\",\"name\":\"ImagineStories.Space\",\"description\":\"Research on Imagination - Storytelling - Spaces\",\"publisher\":{\"@id\":\"https:\\\/\\\/imaginestories.space\\\/#organization\"},\"potentialAction\":[{\"@type\":\"SearchAction\",\"target\":{\"@type\":\"EntryPoint\",\"urlTemplate\":\"https:\\\/\\\/imaginestories.space\\\/?s={search_term_string}\"},\"query-input\":{\"@type\":\"PropertyValueSpecification\",\"valueRequired\":true,\"valueName\":\"search_term_string\"}}],\"inLanguage\":\"fr-CA\"},{\"@type\":\"Organization\",\"@id\":\"https:\\\/\\\/imaginestories.space\\\/#organization\",\"name\":\"ImagineStories.Space\",\"url\":\"https:\\\/\\\/imaginestories.space\\\/\",\"logo\":{\"@type\":\"ImageObject\",\"inLanguage\":\"fr-CA\",\"@id\":\"https:\\\/\\\/imaginestories.space\\\/#\\\/schema\\\/logo\\\/image\\\/\",\"url\":\"https:\\\/\\\/i0.wp.com\\\/imaginestories.space\\\/wp-content\\\/uploads\\\/2020\\\/08\\\/cropped-Logo-Transparent-ImagineStories.Space_.png?fit=3630%2C1414&ssl=1\",\"contentUrl\":\"https:\\\/\\\/i0.wp.com\\\/imaginestories.space\\\/wp-content\\\/uploads\\\/2020\\\/08\\\/cropped-Logo-Transparent-ImagineStories.Space_.png?fit=3630%2C1414&ssl=1\",\"width\":3630,\"height\":1414,\"caption\":\"ImagineStories.Space\"},\"image\":{\"@id\":\"https:\\\/\\\/imaginestories.space\\\/#\\\/schema\\\/logo\\\/image\\\/\"}}]}<\/script>\n<!-- \/ Yoast SEO plugin. -->","yoast_head_json":{"title":"What We Do - ImagineStories.Space","description":"What is the imagination? Understanding the spaces we inhabit. Exploring the stories we tell. What possibilities for social change?","robots":{"index":"index","follow":"follow","max-snippet":"max-snippet:-1","max-image-preview":"max-image-preview:large","max-video-preview":"max-video-preview:-1"},"canonical":"https:\/\/imaginestories.space\/fr\/what-we-do-exploring-imagination\/","og_locale":"fr_CA","og_type":"article","og_title":"What We Do - ImagineStories.Space","og_description":"What is the imagination? Understanding the spaces we inhabit. Exploring the stories we tell. What possibilities for social change?","og_url":"https:\/\/imaginestories.space\/fr\/what-we-do-exploring-imagination\/","og_site_name":"ImagineStories.Space","article_modified_time":"2020-10-13T15:59:38+00:00","og_image":[{"url":"https:\/\/imaginestories.space\/wp-content\/uploads\/2020\/09\/Friendly-elemental-Imagination.jpg","type":"","width":"","height":""}],"twitter_card":"summary_large_image","twitter_misc":{"Estimation du temps de lecture":"1 minute"},"schema":{"@context":"https:\/\/schema.org","@graph":[{"@type":"WebPage","@id":"https:\/\/imaginestories.space\/what-we-do-exploring-imagination\/","url":"https:\/\/imaginestories.space\/what-we-do-exploring-imagination\/","name":"What We Do - ImagineStories.Space","isPartOf":{"@id":"https:\/\/imaginestories.space\/#website"},"primaryImageOfPage":{"@id":"https:\/\/imaginestories.space\/what-we-do-exploring-imagination\/#primaryimage"},"image":{"@id":"https:\/\/imaginestories.space\/what-we-do-exploring-imagination\/#primaryimage"},"thumbnailUrl":"https:\/\/imaginestories.space\/wp-content\/uploads\/2020\/09\/Friendly-elemental-Imagination.jpg","datePublished":"2020-08-20T19:37:00+00:00","dateModified":"2020-10-13T15:59:38+00:00","description":"What is the imagination? Understanding the spaces we inhabit. Exploring the stories we tell. What possibilities for social change?","breadcrumb":{"@id":"https:\/\/imaginestories.space\/what-we-do-exploring-imagination\/#breadcrumb"},"inLanguage":"fr-CA","potentialAction":[{"@type":"ReadAction","target":["https:\/\/imaginestories.space\/what-we-do-exploring-imagination\/"]}]},{"@type":"ImageObject","inLanguage":"fr-CA","@id":"https:\/\/imaginestories.space\/what-we-do-exploring-imagination\/#primaryimage","url":"https:\/\/imaginestories.space\/wp-content\/uploads\/2020\/09\/Friendly-elemental-Imagination.jpg","contentUrl":"https:\/\/imaginestories.space\/wp-content\/uploads\/2020\/09\/Friendly-elemental-Imagination.jpg"},{"@type":"BreadcrumbList","@id":"https:\/\/imaginestories.space\/what-we-do-exploring-imagination\/#breadcrumb","itemListElement":[{"@type":"ListItem","position":1,"name":"Home","item":"https:\/\/imaginestories.space\/"},{"@type":"ListItem","position":2,"name":"What We Do"}]},{"@type":"WebSite","@id":"https:\/\/imaginestories.space\/#website","url":"https:\/\/imaginestories.space\/","name":"ImagineStories.Space","description":"Research on Imagination - Storytelling - Spaces","publisher":{"@id":"https:\/\/imaginestories.space\/#organization"},"potentialAction":[{"@type":"SearchAction","target":{"@type":"EntryPoint","urlTemplate":"https:\/\/imaginestories.space\/?s={search_term_string}"},"query-input":{"@type":"PropertyValueSpecification","valueRequired":true,"valueName":"search_term_string"}}],"inLanguage":"fr-CA"},{"@type":"Organization","@id":"https:\/\/imaginestories.space\/#organization","name":"ImagineStories.Space","url":"https:\/\/imaginestories.space\/","logo":{"@type":"ImageObject","inLanguage":"fr-CA","@id":"https:\/\/imaginestories.space\/#\/schema\/logo\/image\/","url":"https:\/\/i0.wp.com\/imaginestories.space\/wp-content\/uploads\/2020\/08\/cropped-Logo-Transparent-ImagineStories.Space_.png?fit=3630%2C1414&ssl=1","contentUrl":"https:\/\/i0.wp.com\/imaginestories.space\/wp-content\/uploads\/2020\/08\/cropped-Logo-Transparent-ImagineStories.Space_.png?fit=3630%2C1414&ssl=1","width":3630,"height":1414,"caption":"ImagineStories.Space"},"image":{"@id":"https:\/\/imaginestories.space\/#\/schema\/logo\/image\/"}}]}},"jetpack_sharing_enabled":true,"_links":{"self":[{"href":"https:\/\/imaginestories.space\/fr\/wp-json\/wp\/v2\/pages\/135","targetHints":{"allow":["GET"]}}],"collection":[{"href":"https:\/\/imaginestories.space\/fr\/wp-json\/wp\/v2\/pages"}],"about":[{"href":"https:\/\/imaginestories.space\/fr\/wp-json\/wp\/v2\/types\/page"}],"author":[{"embeddable":true,"href":"https:\/\/imaginestories.space\/fr\/wp-json\/wp\/v2\/users\/1"}],"replies":[{"embeddable":true,"href":"https:\/\/imaginestories.space\/fr\/wp-json\/wp\/v2\/comments?post=135"}],"version-history":[{"count":5,"href":"https:\/\/imaginestories.space\/fr\/wp-json\/wp\/v2\/pages\/135\/revisions"}],"predecessor-version":[{"id":535,"href":"https:\/\/imaginestories.space\/fr\/wp-json\/wp\/v2\/pages\/135\/revisions\/535"}],"wp:attachment":[{"href":"https:\/\/imaginestories.space\/fr\/wp-json\/wp\/v2\/media?parent=135"}],"curies":[{"name":"wp","href":"https:\/\/api.w.org\/{rel}","templated":true}]}}