{"id":2,"date":"2020-08-20T14:17:56","date_gmt":"2020-08-20T14:17:56","guid":{"rendered":"https:\/\/box5592\/cgi\/addon_GT.cgi?s=GT::WP::Install::EIG+%28cecilero%29+-+10.0.87.10+%5BWordPress%3b+\/var\/hp\/common\/lib\/WordPress.pm%3b+292%3b+Hosting::gap_call%5D\/?page_id=2"},"modified":"2023-11-03T19:45:56","modified_gmt":"2023-11-03T19:45:56","slug":"who-we-are-researchers-imagination","status":"publish","type":"page","link":"https:\/\/imaginestories.space\/fr\/who-we-are-researchers-imagination\/","title":{"rendered":"\u00c0 Propos"},"content":{"rendered":"<div data-colibri-id=\"2-c1\" class=\"style-220 style-local-2-c1 position-relative\">\n  <!---->\n  <div data-colibri-component=\"section\" data-colibri-id=\"2-c2\" id=\"team\" class=\"h-section h-section-global-spacing d-flex align-items-lg-center align-items-md-center align-items-center style-297 style-local-2-c2 position-relative\">\n    <!---->\n    <!---->\n    <div class=\"h-section-grid-container h-section-boxed-container\">\n      <!---->\n      <div data-colibri-id=\"2-c3\" class=\"h-row-container gutters-row-lg-2 gutters-row-md-2 gutters-row-0 gutters-row-v-lg-2 gutters-row-v-md-2 gutters-row-v-2 style-298 style-local-2-c3 position-relative\">\n        <!---->\n        <div class=\"h-row justify-content-lg-center justify-content-md-center justify-content-center align-items-lg-stretch align-items-md-stretch align-items-stretch gutters-col-lg-2 gutters-col-md-2 gutters-col-0 gutters-col-v-lg-2 gutters-col-v-md-2 gutters-col-v-2\">\n          <!---->\n          <div class=\"h-column h-column-container d-flex h-col-lg-6 h-col-md-6 h-col-12 style-299-outer style-local-2-c4-outer\">\n            <div data-colibri-id=\"2-c4\" class=\"d-flex h-flex-basis h-column__inner h-px-lg-0 h-px-md-0 h-px-0 v-inner-lg-0 v-inner-md-0 v-inner-0 style-299 style-local-2-c4 position-relative\">\n              <!---->\n              <!---->\n              <div class=\"w-100 h-y-container h-column__content h-column__v-align flex-basis-100 align-self-lg-start align-self-md-start align-self-start\">\n                <!---->\n                <div data-colibri-id=\"2-c5\" class=\"d-block style-300 style-local-2-c5 position-relative h-element\">\n                  <!---->\n                  <div class=\"h-image__frame-container-outer\">\n                    <div class=\"h-image__frame-container\">\n                      <!---->\n                      <!---->\n                      <img data-recalc-dims=\"1\" loading=\"lazy\" decoding=\"async\" width=\"928\" height=\"905\" src=\"https:\/\/i0.wp.com\/imaginestories.space\/wp-content\/uploads\/2020\/08\/cat-on-window-rotated-e1601920238845.jpg?resize=928%2C905&#038;ssl=1\" class=\"wp-image-129 style-300-image style-local-2-c5-image\" alt=\"C\u00e9cile Rozuel profile\" srcset=\"https:\/\/i0.wp.com\/imaginestories.space\/wp-content\/uploads\/2020\/08\/cat-on-window-rotated-e1601920238845.jpg?w=928&amp;ssl=1 928w, https:\/\/i0.wp.com\/imaginestories.space\/wp-content\/uploads\/2020\/08\/cat-on-window-rotated-e1601920238845.jpg?resize=300%2C293&amp;ssl=1 300w, https:\/\/i0.wp.com\/imaginestories.space\/wp-content\/uploads\/2020\/08\/cat-on-window-rotated-e1601920238845.jpg?resize=768%2C749&amp;ssl=1 768w\" sizes=\"auto, (max-width: 928px) 100vw, 928px\" \/>\n                      <div class=\"h-image__frame h-hide-lg h-hide-md h-hide-sm style-300-frameImage style-local-2-c5-frameImage\"><\/div>\n                    <\/div>\n                  <\/div>\n                <\/div>\n                <div data-colibri-id=\"2-c6\" class=\"h-global-transition-all h-heading style-301 style-local-2-c6 position-relative h-element\">\n                  <!---->\n                  <div class=\"h-heading__outer style-301 style-local-2-c6\">\n                    <!---->\n                    <!---->\n                    <h3 class=\"\"><span style=\"font-weight: 600;\">C\u00e9cile Rozuel<\/span><\/h3>\n                  <\/div>\n                <\/div>\n                <div data-colibri-id=\"2-c7\" class=\"h-text h-text-component style-303 style-local-2-c7 position-relative h-element\">\n                  <!---->\n                  <!---->\n                  <div class=\"\">\n                    <p><span style=\"font-family: Open Sans; color: rgb(0, 6, 8);\">Je suis une chercheuse ind\u00e9pendante et une psychoth\u00e9rapeute \u00e0 Ottawa, ON, Canada. Je travaille dans la tradition de psychologie Jungienne avec des personnes qui cherchent \u00e0 explorer leurs dynamiques conscientes et inconscientes. En s'appuyant sur l'imagination et son langage symbolique, nous d\u00e9couvrons les couches profondes de l'exp\u00e9rience de soi, et nous honorons ce qu'elles rep\u00e9sentent pour le d\u00e9veloppement humain.<\/span><\/p>\n                    <p><span style=\"font-family: Open Sans; color: rgb(0, 6, 8);\">Pendant plus d'une dizaine d'ann\u00e9es, j'ai travaill\u00e9 comme professeure dans plusieurs universit\u00e9s, et j'ai men\u00e9 des projets de recherche sur les relations entre l'\u00e9thique et la compr\u00e9hension de soi sous diff\u00e9rents angles, notamment l'alchimie pour comprendre les transformations organisationnelles, la dimension psychosomatique du bien-\u00eatre au travail, et la valeur de l'imagination dans l'enseignement de l'\u00e9thique des affaires. <\/span><\/p>\n                    <p><span style=\"font-family: Open Sans;\"> <\/span><\/p>\n                    <p><span style=\"font-family: Open Sans; color: rgb(0, 6, 8);\">Je suis inspir\u00e9e par l'aspect myst\u00e9rieusement joueur des chats, l'escapade par les romans de fantasy, et la sagesse r\u00e9g\u00e9n\u00e9ratrice des arbres.<\/span><\/p>\n                    <p><span style=\"font-family: Open Sans; color: rgb(0, 6, 8);\">Pour plus d'informations et contact, visitez mon site:<br><\/span><\/p>\n                  <\/div>\n                <\/div>\n                <div data-colibri-id=\"2-c8\" class=\"d-block style-318 style-local-2-c8 position-relative h-element\">\n                  <!---->\n                  <div class=\"h-image__frame-container-outer\">\n                    <a href=\"https:\/\/cecilerozuel.com\" target=\"_blank\" h-use-smooth-scroll=\"true\" class=\"image-link\" rel=\"noopener\">\n                      <div class=\"h-image__frame-container\">\n                        <!---->\n                        <!---->\n                        <img data-recalc-dims=\"1\" loading=\"lazy\" decoding=\"async\" width=\"3000\" height=\"3000\" src=\"https:\/\/i0.wp.com\/imaginestories.space\/wp-content\/uploads\/2023\/06\/Cecile-Rozuel-Psychotherapy-Logo-Large-Black.png?resize=3000%2C3000&#038;ssl=1\" class=\"wp-image-965 style-318-image style-local-2-c8-image\" alt=\"\" srcset=\"https:\/\/i0.wp.com\/imaginestories.space\/wp-content\/uploads\/2023\/06\/Cecile-Rozuel-Psychotherapy-Logo-Large-Black.png?w=3000&amp;ssl=1 3000w, https:\/\/i0.wp.com\/imaginestories.space\/wp-content\/uploads\/2023\/06\/Cecile-Rozuel-Psychotherapy-Logo-Large-Black.png?resize=300%2C300&amp;ssl=1 300w, https:\/\/i0.wp.com\/imaginestories.space\/wp-content\/uploads\/2023\/06\/Cecile-Rozuel-Psychotherapy-Logo-Large-Black.png?resize=1024%2C1024&amp;ssl=1 1024w, https:\/\/i0.wp.com\/imaginestories.space\/wp-content\/uploads\/2023\/06\/Cecile-Rozuel-Psychotherapy-Logo-Large-Black.png?resize=150%2C150&amp;ssl=1 150w, https:\/\/i0.wp.com\/imaginestories.space\/wp-content\/uploads\/2023\/06\/Cecile-Rozuel-Psychotherapy-Logo-Large-Black.png?resize=768%2C768&amp;ssl=1 768w, https:\/\/i0.wp.com\/imaginestories.space\/wp-content\/uploads\/2023\/06\/Cecile-Rozuel-Psychotherapy-Logo-Large-Black.png?resize=1536%2C1536&amp;ssl=1 1536w, https:\/\/i0.wp.com\/imaginestories.space\/wp-content\/uploads\/2023\/06\/Cecile-Rozuel-Psychotherapy-Logo-Large-Black.png?resize=2048%2C2048&amp;ssl=1 2048w, https:\/\/i0.wp.com\/imaginestories.space\/wp-content\/uploads\/2023\/06\/Cecile-Rozuel-Psychotherapy-Logo-Large-Black.png?resize=12%2C12&amp;ssl=1 12w\" sizes=\"auto, (max-width: 1000px) 100vw, 1000px\" \/>\n                        <div class=\"h-image__frame h-hide-lg h-hide-md h-hide-sm style-318-frameImage style-local-2-c8-frameImage\"><\/div>\n                      <\/div>\n                    <\/a>\n                  <\/div>\n                <\/div>\n              <\/div>\n            <\/div>\n          <\/div>\n          <div class=\"h-column h-column-container d-flex h-col-lg-6 h-col-md-6 h-col-12 style-299-outer style-local-2-c9-outer\">\n            <div data-colibri-id=\"2-c9\" class=\"d-flex h-flex-basis h-column__inner h-px-lg-0 h-px-md-0 h-px-0 v-inner-lg-0 v-inner-md-0 v-inner-0 style-299 style-local-2-c9 position-relative\">\n              <!---->\n              <!---->\n              <div class=\"w-100 h-y-container h-column__content h-column__v-align flex-basis-100 align-self-lg-start align-self-md-start align-self-start\">\n                <!---->\n                <div data-colibri-id=\"2-c10\" class=\"d-block style-305 style-local-2-c10 position-relative h-element\">\n                  <!---->\n                  <div class=\"h-image__frame-container-outer\">\n                    <div class=\"h-image__frame-container\">\n                      <!---->\n                      <!---->\n                      <img data-recalc-dims=\"1\" loading=\"lazy\" decoding=\"async\" width=\"575\" height=\"577\" src=\"https:\/\/i0.wp.com\/imaginestories.space\/wp-content\/uploads\/2020\/08\/cropped-dog-staircase-rotated-e1598293605508.jpg?resize=575%2C577&#038;ssl=1\" class=\"wp-image-702 style-305-image style-local-2-c10-image\" alt=\"Lauren Michelle Levesque Profile\" srcset=\"https:\/\/i0.wp.com\/imaginestories.space\/wp-content\/uploads\/2020\/08\/cropped-dog-staircase-rotated-e1598293605508.jpg?w=575&amp;ssl=1 575w, https:\/\/i0.wp.com\/imaginestories.space\/wp-content\/uploads\/2020\/08\/cropped-dog-staircase-rotated-e1598293605508.jpg?resize=300%2C300&amp;ssl=1 300w, https:\/\/i0.wp.com\/imaginestories.space\/wp-content\/uploads\/2020\/08\/cropped-dog-staircase-rotated-e1598293605508.jpg?resize=150%2C150&amp;ssl=1 150w, https:\/\/i0.wp.com\/imaginestories.space\/wp-content\/uploads\/2020\/08\/cropped-dog-staircase-rotated-e1598293605508.jpg?resize=12%2C12&amp;ssl=1 12w\" sizes=\"auto, (max-width: 575px) 100vw, 575px\" \/>\n                      <div class=\"h-image__frame h-hide-lg h-hide-md h-hide-sm style-305-frameImage style-local-2-c10-frameImage\"><\/div>\n                    <\/div>\n                  <\/div>\n                <\/div>\n                <div data-colibri-id=\"2-c11\" class=\"h-global-transition-all h-heading style-301 style-local-2-c11 position-relative h-element\">\n                  <!---->\n                  <div class=\"h-heading__outer style-301 style-local-2-c11\">\n                    <!---->\n                    <!---->\n                    <h3 class=\"\"><span style=\"font-weight: 600;\">Lauren Michelle Levesque<\/span><\/h3>\n                  <\/div>\n                <\/div>\n                <div data-colibri-id=\"2-c12\" class=\"h-text h-text-component style-303 style-local-2-c12 position-relative h-element\">\n                  <!---->\n                  <!---->\n                  <div class=\"\">\n                    <p><span style=\"color: black;\">Je suis professeure agr\u00e9g\u00e9e au sein de l'Ecole de Leadership, Ecologie, et Equit\u00e9 \u00e0 l'Universit\u00e9 Saint-Paul \u00e0 Ottawa, ON, Canada. <\/span><\/p>\n                    <p><span style=\"color: black;\">Avant d\u2019\u00eatre embauch\u00e9e \u00e0 l\u2019Universit\u00e9 Saint Paul, j\u2019ai compl\u00e9t\u00e9 une bourse postdoctorale avec le projet Improvisation, Communaut\u00e9 et Pratique Sociale \u00e0 l\u2019Universit\u00e9 de Guelph, Guelph, ON, Canada. <\/span><\/p>\n                    <p><span style=\"color: black;\">Mes int\u00e9r\u00eats de recherche incluent les dynamiques sonores d\u2019espaces particuliers et le r\u00f4le de l\u2019imagination dans la cr\u00e9ation de ces espaces et dynamiques. Je contribue \u00e9galement \u00e0 des projets acad\u00e9miques et cr\u00e9atifs qui discutent les arts, le changement social et les approches spatiales \u00e0 l\u2019\u00e9gard de la consolidation de la paix.&nbsp;<\/span><\/p>\n                    <p><span style=\"color: black;\">J'aime la lecture, chanter de la musique classique, et les soir\u00e9es en famille.<\/span><\/p>\n                    <p><span style=\"color: black;\">Contact: <\/span>\n                      <a href=\"mailto: llevesque@ustpaul.ca\" style=\"color: black;\">llevesque@ustpaul.ca<\/a><span style=\"color: black;\"> <br><\/span><\/p>\n                    <p>\n                      <br>\n                    <\/p>\n                  <\/div>\n                <\/div>\n              <\/div>\n            <\/div>\n          <\/div>\n        <\/div>\n      <\/div>\n    <\/div>\n  <\/div>\n<\/div>","protected":false},"excerpt":{"rendered":"<p>C\u00e9cile Rozuel I am an independent researcher and a practicing psychotherapist in Ottawa, ON, Canada. I am grounded in Jungian psychology and work with individuals to explore their conscious and unconscious dynamics. Using the imagination and its symbolic language, we uncover the deeper layers of self-experience and appreciate their ethical significance for human development. For [&hellip;]<\/p>\n","protected":false},"author":1,"featured_media":0,"parent":0,"menu_order":0,"comment_status":"closed","ping_status":"open","template":"page-templates\/full-width-page.php","meta":{"nf_dc_page":"","footnotes":""},"class_list":["post-2","page","type-page","status-publish","hentry"],"yoast_head":"<!-- This site is optimized with the Yoast SEO plugin v27.4 - https:\/\/yoast.com\/product\/yoast-seo-wordpress\/ -->\n<title>Who We Are - ImagineStories.Space<\/title>\n<meta name=\"description\" content=\"We are researchers on imagination, storytelling and spaces. We explore what it means to be human, and how we imagine meaningful connections.\" \/>\n<meta name=\"robots\" content=\"index, follow, max-snippet:-1, max-image-preview:large, max-video-preview:-1\" \/>\n<link rel=\"canonical\" href=\"https:\/\/imaginestories.space\/fr\/who-we-are-researchers-imagination\/\" \/>\n<meta property=\"og:locale\" content=\"fr_CA\" \/>\n<meta property=\"og:type\" content=\"article\" \/>\n<meta property=\"og:title\" content=\"Who We Are - ImagineStories.Space\" \/>\n<meta property=\"og:description\" content=\"We are researchers on imagination, storytelling and spaces. We explore what it means to be human, and how we imagine meaningful connections.\" \/>\n<meta property=\"og:url\" content=\"https:\/\/imaginestories.space\/fr\/who-we-are-researchers-imagination\/\" \/>\n<meta property=\"og:site_name\" content=\"ImagineStories.Space\" \/>\n<meta property=\"article:modified_time\" content=\"2023-11-03T19:45:56+00:00\" \/>\n<meta property=\"og:image\" content=\"https:\/\/imaginestories.space\/wp-content\/uploads\/2020\/08\/cat-on-window-rotated-e1601920238845.jpg\" \/>\n<meta name=\"twitter:card\" content=\"summary_large_image\" \/>\n<meta name=\"twitter:label1\" content=\"Estimation du temps de lecture\" \/>\n\t<meta name=\"twitter:data1\" content=\"2 minutes\" \/>\n<script type=\"application\/ld+json\" class=\"yoast-schema-graph\">{\"@context\":\"https:\\\/\\\/schema.org\",\"@graph\":[{\"@type\":\"WebPage\",\"@id\":\"https:\\\/\\\/imaginestories.space\\\/who-we-are-researchers-imagination\\\/\",\"url\":\"https:\\\/\\\/imaginestories.space\\\/who-we-are-researchers-imagination\\\/\",\"name\":\"Who We Are - ImagineStories.Space\",\"isPartOf\":{\"@id\":\"https:\\\/\\\/imaginestories.space\\\/#website\"},\"primaryImageOfPage\":{\"@id\":\"https:\\\/\\\/imaginestories.space\\\/who-we-are-researchers-imagination\\\/#primaryimage\"},\"image\":{\"@id\":\"https:\\\/\\\/imaginestories.space\\\/who-we-are-researchers-imagination\\\/#primaryimage\"},\"thumbnailUrl\":\"https:\\\/\\\/imaginestories.space\\\/wp-content\\\/uploads\\\/2020\\\/08\\\/cat-on-window-rotated-e1601920238845.jpg\",\"datePublished\":\"2020-08-20T14:17:56+00:00\",\"dateModified\":\"2023-11-03T19:45:56+00:00\",\"description\":\"We are researchers on imagination, storytelling and spaces. We explore what it means to be human, and how we imagine meaningful connections.\",\"breadcrumb\":{\"@id\":\"https:\\\/\\\/imaginestories.space\\\/who-we-are-researchers-imagination\\\/#breadcrumb\"},\"inLanguage\":\"fr-CA\",\"potentialAction\":[{\"@type\":\"ReadAction\",\"target\":[\"https:\\\/\\\/imaginestories.space\\\/who-we-are-researchers-imagination\\\/\"]}]},{\"@type\":\"ImageObject\",\"inLanguage\":\"fr-CA\",\"@id\":\"https:\\\/\\\/imaginestories.space\\\/who-we-are-researchers-imagination\\\/#primaryimage\",\"url\":\"https:\\\/\\\/imaginestories.space\\\/wp-content\\\/uploads\\\/2020\\\/08\\\/cat-on-window-rotated-e1601920238845.jpg\",\"contentUrl\":\"https:\\\/\\\/imaginestories.space\\\/wp-content\\\/uploads\\\/2020\\\/08\\\/cat-on-window-rotated-e1601920238845.jpg\"},{\"@type\":\"BreadcrumbList\",\"@id\":\"https:\\\/\\\/imaginestories.space\\\/who-we-are-researchers-imagination\\\/#breadcrumb\",\"itemListElement\":[{\"@type\":\"ListItem\",\"position\":1,\"name\":\"Home\",\"item\":\"https:\\\/\\\/imaginestories.space\\\/\"},{\"@type\":\"ListItem\",\"position\":2,\"name\":\"Who We Are\"}]},{\"@type\":\"WebSite\",\"@id\":\"https:\\\/\\\/imaginestories.space\\\/#website\",\"url\":\"https:\\\/\\\/imaginestories.space\\\/\",\"name\":\"ImagineStories.Space\",\"description\":\"Research on Imagination - Storytelling - Spaces\",\"publisher\":{\"@id\":\"https:\\\/\\\/imaginestories.space\\\/#organization\"},\"potentialAction\":[{\"@type\":\"SearchAction\",\"target\":{\"@type\":\"EntryPoint\",\"urlTemplate\":\"https:\\\/\\\/imaginestories.space\\\/?s={search_term_string}\"},\"query-input\":{\"@type\":\"PropertyValueSpecification\",\"valueRequired\":true,\"valueName\":\"search_term_string\"}}],\"inLanguage\":\"fr-CA\"},{\"@type\":\"Organization\",\"@id\":\"https:\\\/\\\/imaginestories.space\\\/#organization\",\"name\":\"ImagineStories.Space\",\"url\":\"https:\\\/\\\/imaginestories.space\\\/\",\"logo\":{\"@type\":\"ImageObject\",\"inLanguage\":\"fr-CA\",\"@id\":\"https:\\\/\\\/imaginestories.space\\\/#\\\/schema\\\/logo\\\/image\\\/\",\"url\":\"https:\\\/\\\/i0.wp.com\\\/imaginestories.space\\\/wp-content\\\/uploads\\\/2020\\\/08\\\/cropped-Logo-Transparent-ImagineStories.Space_.png?fit=3630%2C1414&ssl=1\",\"contentUrl\":\"https:\\\/\\\/i0.wp.com\\\/imaginestories.space\\\/wp-content\\\/uploads\\\/2020\\\/08\\\/cropped-Logo-Transparent-ImagineStories.Space_.png?fit=3630%2C1414&ssl=1\",\"width\":3630,\"height\":1414,\"caption\":\"ImagineStories.Space\"},\"image\":{\"@id\":\"https:\\\/\\\/imaginestories.space\\\/#\\\/schema\\\/logo\\\/image\\\/\"}}]}<\/script>\n<!-- \/ Yoast SEO plugin. -->","yoast_head_json":{"title":"Who We Are - ImagineStories.Space","description":"We are researchers on imagination, storytelling and spaces. We explore what it means to be human, and how we imagine meaningful connections.","robots":{"index":"index","follow":"follow","max-snippet":"max-snippet:-1","max-image-preview":"max-image-preview:large","max-video-preview":"max-video-preview:-1"},"canonical":"https:\/\/imaginestories.space\/fr\/who-we-are-researchers-imagination\/","og_locale":"fr_CA","og_type":"article","og_title":"Who We Are - ImagineStories.Space","og_description":"We are researchers on imagination, storytelling and spaces. We explore what it means to be human, and how we imagine meaningful connections.","og_url":"https:\/\/imaginestories.space\/fr\/who-we-are-researchers-imagination\/","og_site_name":"ImagineStories.Space","article_modified_time":"2023-11-03T19:45:56+00:00","og_image":[{"url":"https:\/\/imaginestories.space\/wp-content\/uploads\/2020\/08\/cat-on-window-rotated-e1601920238845.jpg","type":"","width":"","height":""}],"twitter_card":"summary_large_image","twitter_misc":{"Estimation du temps de lecture":"2 minutes"},"schema":{"@context":"https:\/\/schema.org","@graph":[{"@type":"WebPage","@id":"https:\/\/imaginestories.space\/who-we-are-researchers-imagination\/","url":"https:\/\/imaginestories.space\/who-we-are-researchers-imagination\/","name":"Who We Are - ImagineStories.Space","isPartOf":{"@id":"https:\/\/imaginestories.space\/#website"},"primaryImageOfPage":{"@id":"https:\/\/imaginestories.space\/who-we-are-researchers-imagination\/#primaryimage"},"image":{"@id":"https:\/\/imaginestories.space\/who-we-are-researchers-imagination\/#primaryimage"},"thumbnailUrl":"https:\/\/imaginestories.space\/wp-content\/uploads\/2020\/08\/cat-on-window-rotated-e1601920238845.jpg","datePublished":"2020-08-20T14:17:56+00:00","dateModified":"2023-11-03T19:45:56+00:00","description":"We are researchers on imagination, storytelling and spaces. We explore what it means to be human, and how we imagine meaningful connections.","breadcrumb":{"@id":"https:\/\/imaginestories.space\/who-we-are-researchers-imagination\/#breadcrumb"},"inLanguage":"fr-CA","potentialAction":[{"@type":"ReadAction","target":["https:\/\/imaginestories.space\/who-we-are-researchers-imagination\/"]}]},{"@type":"ImageObject","inLanguage":"fr-CA","@id":"https:\/\/imaginestories.space\/who-we-are-researchers-imagination\/#primaryimage","url":"https:\/\/imaginestories.space\/wp-content\/uploads\/2020\/08\/cat-on-window-rotated-e1601920238845.jpg","contentUrl":"https:\/\/imaginestories.space\/wp-content\/uploads\/2020\/08\/cat-on-window-rotated-e1601920238845.jpg"},{"@type":"BreadcrumbList","@id":"https:\/\/imaginestories.space\/who-we-are-researchers-imagination\/#breadcrumb","itemListElement":[{"@type":"ListItem","position":1,"name":"Home","item":"https:\/\/imaginestories.space\/"},{"@type":"ListItem","position":2,"name":"Who We Are"}]},{"@type":"WebSite","@id":"https:\/\/imaginestories.space\/#website","url":"https:\/\/imaginestories.space\/","name":"ImagineStories.Space","description":"Research on Imagination - Storytelling - Spaces","publisher":{"@id":"https:\/\/imaginestories.space\/#organization"},"potentialAction":[{"@type":"SearchAction","target":{"@type":"EntryPoint","urlTemplate":"https:\/\/imaginestories.space\/?s={search_term_string}"},"query-input":{"@type":"PropertyValueSpecification","valueRequired":true,"valueName":"search_term_string"}}],"inLanguage":"fr-CA"},{"@type":"Organization","@id":"https:\/\/imaginestories.space\/#organization","name":"ImagineStories.Space","url":"https:\/\/imaginestories.space\/","logo":{"@type":"ImageObject","inLanguage":"fr-CA","@id":"https:\/\/imaginestories.space\/#\/schema\/logo\/image\/","url":"https:\/\/i0.wp.com\/imaginestories.space\/wp-content\/uploads\/2020\/08\/cropped-Logo-Transparent-ImagineStories.Space_.png?fit=3630%2C1414&ssl=1","contentUrl":"https:\/\/i0.wp.com\/imaginestories.space\/wp-content\/uploads\/2020\/08\/cropped-Logo-Transparent-ImagineStories.Space_.png?fit=3630%2C1414&ssl=1","width":3630,"height":1414,"caption":"ImagineStories.Space"},"image":{"@id":"https:\/\/imaginestories.space\/#\/schema\/logo\/image\/"}}]}},"jetpack_sharing_enabled":true,"_links":{"self":[{"href":"https:\/\/imaginestories.space\/fr\/wp-json\/wp\/v2\/pages\/2","targetHints":{"allow":["GET"]}}],"collection":[{"href":"https:\/\/imaginestories.space\/fr\/wp-json\/wp\/v2\/pages"}],"about":[{"href":"https:\/\/imaginestories.space\/fr\/wp-json\/wp\/v2\/types\/page"}],"author":[{"embeddable":true,"href":"https:\/\/imaginestories.space\/fr\/wp-json\/wp\/v2\/users\/1"}],"replies":[{"embeddable":true,"href":"https:\/\/imaginestories.space\/fr\/wp-json\/wp\/v2\/comments?post=2"}],"version-history":[{"count":20,"href":"https:\/\/imaginestories.space\/fr\/wp-json\/wp\/v2\/pages\/2\/revisions"}],"predecessor-version":[{"id":981,"href":"https:\/\/imaginestories.space\/fr\/wp-json\/wp\/v2\/pages\/2\/revisions\/981"}],"wp:attachment":[{"href":"https:\/\/imaginestories.space\/fr\/wp-json\/wp\/v2\/media?parent=2"}],"curies":[{"name":"wp","href":"https:\/\/api.w.org\/{rel}","templated":true}]}}